{"id":1918,"date":"2019-06-17T09:30:04","date_gmt":"2019-06-17T07:30:04","guid":{"rendered":"https:\/\/www.mapcda.es\/asseguranca-inversions-i-estalvi\/"},"modified":"2020-04-16T10:49:45","modified_gmt":"2020-04-16T08:49:45","slug":"seguro-de-inversiones-y-ahorro","status":"publish","type":"page","link":"https:\/\/www.mapcda.es\/es\/seguro-de-inversiones-y-ahorro\/","title":{"rendered":"Seguro de inversiones y ahorro"},"content":{"rendered":"<p><div class=\"fusion-fullwidth fullwidth-box fusion-builder-row-1 nonhundred-percent-fullwidth non-hundred-percent-height-scrolling\" style=\"--awb-border-radius-top-left:0px;--awb-border-radius-top-right:0px;--awb-border-radius-bottom-right:0px;--awb-border-radius-bottom-left:0px;--awb-flex-wrap:wrap;\" ><div class=\"fusion-builder-row fusion-row\"><\/div><\/div><div class=\"fusion-fullwidth fullwidth-box fusion-builder-row-2 nonhundred-percent-fullwidth non-hundred-percent-height-scrolling\" style=\"--awb-border-radius-top-left:0px;--awb-border-radius-top-right:0px;--awb-border-radius-bottom-right:0px;--awb-border-radius-bottom-left:0px;--awb-flex-wrap:wrap;\" ><div class=\"fusion-builder-row fusion-row\"><div class=\"fusion-layout-column fusion_builder_column fusion-builder-column-0 fusion_builder_column_1_3 1_3 fusion-one-third fusion-column-first\" style=\"--awb-bg-size:cover;width:33.333333333333%;width:calc(33.333333333333% - ( ( 4% + 4% ) * 0.33333333333333 ) );margin-right: 4%;\"><div class=\"fusion-column-wrapper fusion-column-has-shadow fusion-flex-column-wrapper-legacy\"><div class=\"fusion-clearfix\"><\/div><\/div><\/div><div class=\"fusion-layout-column fusion_builder_column fusion-builder-column-1 fusion_builder_column_1_3 1_3 fusion-one-third\" style=\"--awb-bg-size:cover;width:33.333333333333%;width:calc(33.333333333333% - ( ( 4% + 4% ) * 0.33333333333333 ) );margin-right: 4%;\"><div class=\"fusion-column-wrapper fusion-column-has-shadow fusion-flex-column-wrapper-legacy\"><div class=\"fusion-button-wrapper\"><a class=\"fusion-button button-flat fusion-button-default-size button-default fusion-button-default button-1 fusion-button-default-span fusion-button-default-type\" target=\"_self\" href=\"https:\/\/www.mapcda.es\/cotitzacions\/\"><span class=\"fusion-button-text\">Pida m\u00e1s informaci\u00f3n<\/span><\/a><\/div><div class=\"fusion-clearfix\"><\/div><\/div><\/div><div class=\"fusion-layout-column fusion_builder_column fusion-builder-column-2 fusion_builder_column_1_3 1_3 fusion-one-third fusion-column-last\" style=\"--awb-bg-size:cover;width:33.333333333333%;width:calc(33.333333333333% - ( ( 4% + 4% ) * 0.33333333333333 ) );\"><div class=\"fusion-column-wrapper fusion-column-has-shadow fusion-flex-column-wrapper-legacy\"><div class=\"fusion-clearfix\"><\/div><\/div><\/div><\/div><\/div><div class=\"fusion-fullwidth fullwidth-box fusion-builder-row-3 nonhundred-percent-fullwidth non-hundred-percent-height-scrolling\" style=\"--awb-border-radius-top-left:0px;--awb-border-radius-top-right:0px;--awb-border-radius-bottom-right:0px;--awb-border-radius-bottom-left:0px;--awb-flex-wrap:wrap;\" ><div class=\"fusion-builder-row fusion-row\"><div class=\"fusion-layout-column fusion_builder_column fusion-builder-column-3 fusion_builder_column_1_1 1_1 fusion-one-full fusion-column-first fusion-column-last\" style=\"--awb-bg-size:cover;--awb-margin-bottom:0px;\"><div class=\"fusion-column-wrapper fusion-flex-column-wrapper-legacy\"><div class=\"fusion-text fusion-text-1\"><h1>Ahorro \/ Inversi\u00f3n<\/h1>\n<div class=\"texto_libre\">\n<p>Los Fondos de Inversi\u00f3n permiten hacer todo tipo de inversiones, desde Letras del Tesoro, bonos y obligaciones (Deuda P\u00fablica del Estado en general) hasta acciones en bolsa y otros valores mobiliarios, y todo ello sin los gastos, complicaciones y con las importantes ventajas fiscales. Adem\u00e1s, se han convertido en un excelente sistema de ahorro-inversi\u00f3n a medio y largo plazo.<\/p>\n<p>Los Planes de Ahorros, de Pensiones y de Jubilaci\u00f3n, tienen el firme prop\u00f3sito de que usted pueda mantener el ritmo de vida actual en el futuro y no tener que depender \u00fanicamente del Sistema P\u00fablico de Pensiones.<\/p>\n<p>Tiene a su disposici\u00f3n una amplia gama de Planes de Pensiones que le permiten acumular un patrimonio para disfrutarlo durante su retiro y, a la vez, beneficiarse de una excelente rentabilidad, contemplando distintas posibilidades de inversi\u00f3n.<\/p>\n<\/div>\n<h1>Fondos de inversi\u00f3n<\/h1>\n<div class=\"texto_libre\">\n<ul class=\"lista_enlaces_contenidos\">\n<li>\n<h1>Fondos mixtos UNIT LINK<\/h1>\n<div class=\"texto_libre\">\n<p>Plan de ahorro e inversi\u00f3n compuesto de 2 fondos:<br \/>\nRenta fija &#8211; Renta variable.<\/p>\n<p>El ahorrador decide la estructura de su inversi\u00f3n:<\/p>\n<ul>\n<li>Invertir en un fondo de renta fija<\/li>\n<li>Invertir en un fondo de renta variable<\/li>\n<li>Invertir en ambos y en qu\u00e9 proporci\u00f3n<\/li>\n<\/ul>\n<h2>Modalidades m\u00e1s habituales:<\/h2>\n<table border=\"0\">\n<tbody>\n<tr>\n<td>Modalidad Conservadora:<\/td>\n<td>Renta variable 20 %<br \/>\nRenta fija 80 %<\/td>\n<\/tr>\n<tr>\n<td>Modalidad Moderada:<\/td>\n<td>Renta variable 50 %<br \/>\nRenta fija 50 %<\/td>\n<\/tr>\n<tr>\n<td>Modalidad Agresiva:<\/td>\n<td>Renta variable entre el 80 y el 100 %<br \/>\nRenta fija entre el 0 y el 20 %<\/td>\n<\/tr>\n<\/tbody>\n<\/table>\n<p>De esta forma su inversi\u00f3n se ajustar\u00e1 perfectamente a sus necesidades o preferencias como inversor. En cualquier momento usted podr\u00e1:<\/p>\n<ul>\n<li>\n<div>Cambiar de fondo: Traspasar parte o la totalidad de su saldo acumulado de un fondo a otro sin coste fiscal.<\/div>\n<\/li>\n<li>\n<div>Modificar la composici\u00f3n de su inversi\u00f3n: A partir del momento que usted lo desee sus nuevas primas y \/ o aportaciones se invertir\u00e1n en la proporci\u00f3n que usted nos indique (cuantas veces quiera y todas gratuitas).<\/div>\n<\/li>\n<\/ul>\n<p>Las aportaciones generan rendimientos desde el primer d\u00eda.<\/p>\n<h2>Beneficios<\/h2>\n<ul>\n<li>Constituir su propio sistema de inversi\u00f3n y ahorro.<\/li>\n<li>No renunciar a disponer de sus ahorros en cualquier momento.<\/li>\n<li>Garantiza el 100% de su Cuenta Individual de Participaciones.<\/li>\n<li>En caso de muerte el 100% del citado Cuenta m\u00e1s un capital adicional por muerte.<\/li>\n<li>Ventajas frente a otros productos<\/li>\n<\/ul>\n<h2>Caracter\u00edsticas principales<\/h2>\n<ul>\n<li><strong>Flexibilidad<br \/>\n<\/strong><br \/>\nUsted fija la cuant\u00eda y la forma de pago. Puede variar el importe de su aportaci\u00f3n o suspenderlas durante un tiempo y volver a retomarlas.<\/li>\n<li><strong>Total Liquidez<br \/>\n<\/strong><br \/>\nA partir de la primera anualidad se podr\u00e1 disponer de la totalidad del Fondo Acumulado. En cualquier momento puede solicitar Rescates Parciales siempre que mantenga un saldo de 601.01.- \u20ac. durante el primer a\u00f1o.<\/li>\n<li><strong>Alta Rentabilidad<br \/>\n<\/strong><br \/>\nSus primas y aportaciones formar\u00e1n parte, a su el.lecci\u00f3, de cualquiera de los dos Fondos internos de la compa\u00f1\u00eda (renta fija y renta variable) que est\u00e1n gestionados por un equipo de expertos profesionales. Ellos invierten en los principales t\u00edtulos y valores del mercado financiero espa\u00f1ol con el fin de diversificar el riesgo y obtener el m\u00e1ximo rendimiento para su inversi\u00f3n.<\/li>\n<li><strong>Excelente Fiscalidad<br \/>\n<\/strong><br \/>\nEl rendimiento obtenido -diferencia entre el capital percibido y la aportaci\u00f3n efectuada- de cada una de las aportaciones que destine a su Plan de Ahorro, tiene importantes reducciones fiscales, de hasta el 75%, en funci\u00f3n de la antig\u00fcedad de cada aportaci\u00f3n.<\/li>\n<\/ul>\n<table border=\"0\" align=\"center\">\n<tbody>\n<tr>\n<td><strong>Antig\u00fcedad<\/strong><br \/>\n<strong>de cada aportaci\u00f3n<\/strong><\/td>\n<td><strong>Reducci\u00f3n<br \/>\n(% libre de impuestos)<\/strong><\/td>\n<\/tr>\n<tr>\n<td>Superior a 2 a\u00f1os<\/td>\n<td>\u00a030 %<\/td>\n<\/tr>\n<tr>\n<td>Superior a 5 a\u00f1os<\/td>\n<td>\u00a065 %<\/td>\n<\/tr>\n<tr>\n<td>Superior a 8 a\u00f1os<\/td>\n<td>\u00a075 %<\/td>\n<\/tr>\n<\/tbody>\n<\/table>\n<\/div>\n<\/li>\n<li>\n<h1>Fondos garantizados de renta fija<\/h1>\n<div class=\"texto_libre\">\n<p>Aseguran al vencimiento la inversi\u00f3n inicial y una rentabilidad m\u00ednima garantizada.<\/p>\n<p>Usted elige el tiempo y la cantidad invertida.<\/p>\n<p>Muy apropiados para ahorradores conservadores que no quieren correr riesgos y prefieran un tipo m\u00ednimo garantizado con el fin de mantener el poder adquisitivo de su inversi\u00f3n.<\/p>\n<p>Se distinguen las siguientes modalidades:<\/p>\n<ul>\n<li><strong>Corto Plazo: <\/strong>Hasta 3 a\u00f1os<\/li>\n<li><strong>Medio Plazo: <\/strong>De 5 a 8 a\u00f1os<\/li>\n<li><strong>Largo Plazo: <\/strong>M\u00e1s de 8 a\u00f1os<\/li>\n<\/ul>\n<p>Al vencimiento del plazo elegido se podr\u00e1 optar por el cobro del valor garantizado o por la percepci\u00f3n de una Renta Vitalicia calculada en funci\u00f3n de la edad del asegurado al inicio del cobro de la misma.<\/p>\n<\/div>\n<\/li>\n<li>\n<h1>Fondos garantizados de renta variable<\/h1>\n<div class=\"texto_libre\">\n<p>Aseguran la inversi\u00f3n inicial y un porcentaje de la revalorizaci\u00f3n media de los \u00edndices burs\u00e1tiles en un determinado periodo (de 2 a 4 a\u00f1os). Los mencionados \u00edndices suelen ser IBEX 35, EUROTOP 100, BLUE CHIPS, etc ..<\/p>\n<p>Adecuado para inversores conservadores que no quieren sufrir las turbulencias y fluctuaciones de los mercados de valores sin renunciar por ello a una rentabilidad media.<\/p>\n<h2>Beneficios<\/h2>\n<ul>\n<li>\n<div><strong>Seguridad<\/strong><br \/>\nPase lo que pase, siempre percibir\u00e1 el capital fijo garantizado.<\/div>\n<\/li>\n<li><strong>Rentabilidad<\/strong><br \/>\nObtendr\u00e1 adem\u00e1s una extra rentabilidad variable ligada a la evoluci\u00f3n del \u00edndice de referencia.<\/li>\n<li><strong>Protecci\u00f3n<\/strong><br \/>\nQuedar\u00e1 cubierto con un seguro de vida, que garantiza un peque\u00f1o capital adicional, indicado en su contrato.<\/li>\n<li><strong>Liquidez<\/strong><br \/>\nSi lo desea podr\u00e1 recuperar al final de cada anualidad de seguro parte de su capital, renunciando a percibir el capital garantizado al t\u00e9rmino pero conservando intactas las garant\u00edas del seguro de vida y de la rentabilidad variable.<\/li>\n<\/ul>\n<\/div>\n<\/li>\n<li>\n<h1>Inversiones garantizadas a plazo fijo<\/h1>\n<div class=\"texto_libre\">\n<p>A tres, cinco u ocho a\u00f1os.<\/p>\n<p>Con un inter\u00e9s garantizado en p\u00f3liza superior a los productos tradicionales del mercado y pueden disponer de su dinero en cualquier momento.<\/p>\n<p>Y no olvide que la fiscalidad de los productos aseguradores es mucho m\u00e1s ventajosa que la de los productos bancarios.<\/p>\n<\/div>\n<\/li>\n<\/ul>\n<h1>Planes de ahorro<\/h1>\n<div class=\"texto_libre\">\n<p>Con un Plan de Jubilaci\u00f3n se obtiene la rentabilidad asegurada que se pretende y permite disponer de los ahorros siempre que se necesiten.<\/p>\n<p>Plan de Jubilaci\u00f3n es un producto de previsi\u00f3n que, mediante aportaciones peri\u00f3dicas o extraordinarias, asegura un capital final garantizado en base a un inter\u00e9s t\u00e9cnico utilizado para toda la duraci\u00f3n del contrato. Incorpora coberturas complementarias de vida y tiene diferentes modalidades de crecimiento de las aportaciones.<\/p>\n<ul>\n<li>Interesa a personas que buscan un producto que les ofrezca una rentabilidad estable para sus ahorros, adem\u00e1s de poder complementarlo con un seguro de vida.<\/li>\n<li>Inter\u00e9s t\u00e9cnico garantizado hasta el final del contrato.<\/li>\n<li>Participaci\u00f3n en beneficios: adicional al inter\u00e9s t\u00e9cnico garantizado, con lo que usted obtiene una rentabilidad extra que aumenta el valor de su ahorro.<\/li>\n<li>Aportaciones: usted decide c\u00f3mo y cu\u00e1ndo hacerlas, puede aumentar o disminuir su cantidad siempre que lo desee. Adem\u00e1s puede hacer aportaciones extraordinarias para incrementar el capital ahorrado.<\/li>\n<li>Crecimiento en las aportaciones: usted puede asegurar que su plan no perder\u00e1 poder adquisitivo con el paso de los a\u00f1os. As\u00ed, puede elegir un crecimiento en las aportaciones en un 5% lineal cada a\u00f1o, o un crecimiento acumulativo del 3% o del 5%. Tambi\u00e9n puede decidir aportar siempre la misma cantidad.<\/li>\n<\/ul>\n<p>El Plan de Jubilaci\u00f3n garantiza una rentabilidad para toda la duraci\u00f3n del contrato junto con la obtenci\u00f3n de una rentabilidad adicional mediante la participaci\u00f3n en beneficios.<\/p>\n<p>Permite el rescate total a partir del primer a\u00f1o y la posibilidad de rescates parciales, transcurridos tres a\u00f1os.<\/p>\n<p>Existe la posibilidad de hacer aportaciones extraordinarias en cualquier momento.<\/p>\n<p>Diferentes modalidades de crecimiento de aportaciones para garantizar que el plan no pierda poder adquisitivo.<\/p>\n<p>Dispone de las excelentes ventajas fiscales de los seguros de vida.<\/p>\n<\/div>\n<\/div>\n<\/div><div class=\"fusion-clearfix\"><\/div><\/div><\/div><\/div><\/div><\/p>\n","protected":false},"excerpt":{"rendered":"","protected":false},"author":4,"featured_media":0,"parent":0,"menu_order":0,"comment_status":"closed","ping_status":"closed","template":"","meta":{"footnotes":""},"class_list":["post-1918","page","type-page","status-publish","hentry"],"yoast_head":"<!-- This site is optimized with the Yoast SEO plugin v27.3 - https:\/\/yoast.com\/product\/yoast-seo-wordpress\/ -->\n<title>Seguro de inversiones y ahorro - Mapcda<\/title>\n<meta name=\"robots\" content=\"index, follow, max-snippet:-1, max-image-preview:large, max-video-preview:-1\" \/>\n<link rel=\"canonical\" href=\"https:\/\/www.mapcda.es\/asseguranca-inversions-i-estalvi\/\" \/>\n<meta property=\"og:locale\" content=\"es_ES\" \/>\n<meta property=\"og:type\" content=\"article\" \/>\n<meta property=\"og:title\" content=\"Seguro de inversiones y ahorro - Mapcda\" \/>\n<meta property=\"og:url\" content=\"https:\/\/www.mapcda.es\/asseguranca-inversions-i-estalvi\/\" \/>\n<meta property=\"og:site_name\" content=\"Mapcda\" \/>\n<meta property=\"article:modified_time\" content=\"2020-04-16T08:49:45+00:00\" \/>\n<meta name=\"twitter:card\" content=\"summary_large_image\" \/>\n<meta name=\"twitter:label1\" content=\"Tiempo de lectura\" \/>\n\t<meta name=\"twitter:data1\" content=\"10 minutos\" \/>\n<script type=\"application\/ld+json\" class=\"yoast-schema-graph\">{\"@context\":\"https:\\\/\\\/schema.org\",\"@graph\":[{\"@type\":\"WebPage\",\"@id\":\"https:\\\/\\\/www.mapcda.es\\\/asseguranca-inversions-i-estalvi\\\/\",\"url\":\"https:\\\/\\\/www.mapcda.es\\\/asseguranca-inversions-i-estalvi\\\/\",\"name\":\"Seguro de inversiones y ahorro - Mapcda\",\"isPartOf\":{\"@id\":\"https:\\\/\\\/www.mapcda.es\\\/#website\"},\"datePublished\":\"2019-06-17T07:30:04+00:00\",\"dateModified\":\"2020-04-16T08:49:45+00:00\",\"breadcrumb\":{\"@id\":\"https:\\\/\\\/www.mapcda.es\\\/asseguranca-inversions-i-estalvi\\\/#breadcrumb\"},\"inLanguage\":\"es\",\"potentialAction\":[{\"@type\":\"ReadAction\",\"target\":[\"https:\\\/\\\/www.mapcda.es\\\/asseguranca-inversions-i-estalvi\\\/\"]}]},{\"@type\":\"BreadcrumbList\",\"@id\":\"https:\\\/\\\/www.mapcda.es\\\/asseguranca-inversions-i-estalvi\\\/#breadcrumb\",\"itemListElement\":[{\"@type\":\"ListItem\",\"position\":1,\"name\":\"Portada\",\"item\":\"https:\\\/\\\/www.mapcda.es\\\/es\\\/\"},{\"@type\":\"ListItem\",\"position\":2,\"name\":\"Seguro de inversiones y ahorro\"}]},{\"@type\":\"WebSite\",\"@id\":\"https:\\\/\\\/www.mapcda.es\\\/#website\",\"url\":\"https:\\\/\\\/www.mapcda.es\\\/\",\"name\":\"Mapcda\",\"description\":\"Otro sitio realizado con WordPress\",\"potentialAction\":[{\"@type\":\"SearchAction\",\"target\":{\"@type\":\"EntryPoint\",\"urlTemplate\":\"https:\\\/\\\/www.mapcda.es\\\/?s={search_term_string}\"},\"query-input\":{\"@type\":\"PropertyValueSpecification\",\"valueRequired\":true,\"valueName\":\"search_term_string\"}}],\"inLanguage\":\"es\"}]}<\/script>\n<!-- \/ Yoast SEO plugin. -->","yoast_head_json":{"title":"Seguro de inversiones y ahorro - Mapcda","robots":{"index":"index","follow":"follow","max-snippet":"max-snippet:-1","max-image-preview":"max-image-preview:large","max-video-preview":"max-video-preview:-1"},"canonical":"https:\/\/www.mapcda.es\/asseguranca-inversions-i-estalvi\/","og_locale":"es_ES","og_type":"article","og_title":"Seguro de inversiones y ahorro - Mapcda","og_url":"https:\/\/www.mapcda.es\/asseguranca-inversions-i-estalvi\/","og_site_name":"Mapcda","article_modified_time":"2020-04-16T08:49:45+00:00","twitter_card":"summary_large_image","twitter_misc":{"Tiempo de lectura":"10 minutos"},"schema":{"@context":"https:\/\/schema.org","@graph":[{"@type":"WebPage","@id":"https:\/\/www.mapcda.es\/asseguranca-inversions-i-estalvi\/","url":"https:\/\/www.mapcda.es\/asseguranca-inversions-i-estalvi\/","name":"Seguro de inversiones y ahorro - Mapcda","isPartOf":{"@id":"https:\/\/www.mapcda.es\/#website"},"datePublished":"2019-06-17T07:30:04+00:00","dateModified":"2020-04-16T08:49:45+00:00","breadcrumb":{"@id":"https:\/\/www.mapcda.es\/asseguranca-inversions-i-estalvi\/#breadcrumb"},"inLanguage":"es","potentialAction":[{"@type":"ReadAction","target":["https:\/\/www.mapcda.es\/asseguranca-inversions-i-estalvi\/"]}]},{"@type":"BreadcrumbList","@id":"https:\/\/www.mapcda.es\/asseguranca-inversions-i-estalvi\/#breadcrumb","itemListElement":[{"@type":"ListItem","position":1,"name":"Portada","item":"https:\/\/www.mapcda.es\/es\/"},{"@type":"ListItem","position":2,"name":"Seguro de inversiones y ahorro"}]},{"@type":"WebSite","@id":"https:\/\/www.mapcda.es\/#website","url":"https:\/\/www.mapcda.es\/","name":"Mapcda","description":"Otro sitio realizado con WordPress","potentialAction":[{"@type":"SearchAction","target":{"@type":"EntryPoint","urlTemplate":"https:\/\/www.mapcda.es\/?s={search_term_string}"},"query-input":{"@type":"PropertyValueSpecification","valueRequired":true,"valueName":"search_term_string"}}],"inLanguage":"es"}]}},"_links":{"self":[{"href":"https:\/\/www.mapcda.es\/es\/wp-json\/wp\/v2\/pages\/1918","targetHints":{"allow":["GET"]}}],"collection":[{"href":"https:\/\/www.mapcda.es\/es\/wp-json\/wp\/v2\/pages"}],"about":[{"href":"https:\/\/www.mapcda.es\/es\/wp-json\/wp\/v2\/types\/page"}],"author":[{"embeddable":true,"href":"https:\/\/www.mapcda.es\/es\/wp-json\/wp\/v2\/users\/4"}],"replies":[{"embeddable":true,"href":"https:\/\/www.mapcda.es\/es\/wp-json\/wp\/v2\/comments?post=1918"}],"version-history":[{"count":4,"href":"https:\/\/www.mapcda.es\/es\/wp-json\/wp\/v2\/pages\/1918\/revisions"}],"predecessor-version":[{"id":1922,"href":"https:\/\/www.mapcda.es\/es\/wp-json\/wp\/v2\/pages\/1918\/revisions\/1922"}],"wp:attachment":[{"href":"https:\/\/www.mapcda.es\/es\/wp-json\/wp\/v2\/media?parent=1918"}],"curies":[{"name":"wp","href":"https:\/\/api.w.org\/{rel}","templated":true}]}}