{"id":1882,"date":"2019-11-06T09:44:34","date_gmt":"2019-11-06T08:44:34","guid":{"rendered":"https:\/\/www.mapcda.es\/gestoria\/"},"modified":"2020-04-15T16:42:47","modified_gmt":"2020-04-15T14:42:47","slug":"gestoria","status":"publish","type":"page","link":"https:\/\/www.mapcda.es\/es\/gestoria\/","title":{"rendered":"Gestor\u00eda"},"content":{"rendered":"<div class=\"fusion-fullwidth fullwidth-box fusion-builder-row-1 hundred-percent-fullwidth non-hundred-percent-height-scrolling fusion-equal-height-columns\" style=\"--awb-border-radius-top-left:0px;--awb-border-radius-top-right:0px;--awb-border-radius-bottom-right:0px;--awb-border-radius-bottom-left:0px;--awb-padding-top:40px;--awb-padding-right:14%;--awb-padding-left:14%;--awb-flex-wrap:wrap;\" ><div class=\"fusion-builder-row fusion-row\"><div class=\"fusion-layout-column fusion_builder_column fusion-builder-column-0 fusion_builder_column_1_1 1_1 fusion-one-full fusion-column-first fusion-column-last fusion-column-no-min-height\" style=\"--awb-bg-size:cover;\"><div class=\"fusion-column-wrapper fusion-column-has-shadow fusion-flex-column-wrapper-legacy\"><div class=\"fusion-title title fusion-title-1 fusion-sep-none fusion-title-center fusion-title-text fusion-title-size-one\" style=\"--awb-text-color:#e2312c;\"><h1 class=\"fusion-title-heading title-heading-center\" style=\"margin:0;\"><strong>Gestor\u00eda<\/strong><\/h1><\/div><div class=\"fusion-clearfix\"><\/div><\/div><\/div><div class=\"fusion-layout-column fusion_builder_column fusion-builder-column-1 fusion_builder_column_1_2 1_2 fusion-one-half fusion-column-first\" style=\"--awb-bg-size:cover;--awb-margin-bottom:40px;width:50%;width:calc(50% - ( ( 4% ) * 0.5 ) );margin-right: 4%;\"><div class=\"fusion-column-wrapper fusion-column-has-shadow fusion-flex-column-wrapper-legacy\"><div class=\"fusion-column-content-centered\"><div class=\"fusion-column-content\"><div class=\"fusion-text fusion-text-1\"><p>A trav\u00e9s del convenio de colaboraci\u00f3n que presenta <strong>MAP Corredora d&#8217;Assegurances<\/strong> con <strong>GESTORIA POU<\/strong> de Girona, tambi\u00e9n os ofrecemos Servicios de <strong>GESTORIA y ASESOR\u00cdA<\/strong>:<\/p>\n<ul>\n<li>Asesor\u00eda fiscal y laboral para empresas y aut\u00f3nomos<\/li>\n<li>Asesoramiento contable<\/li>\n<li>Constituci\u00f3n de Sociedades<\/li>\n<li>Impuesto de Sociedades<\/li>\n<li>Representaci\u00f3n y tr\u00e1mites ante la Agencia Tributaria<\/li>\n<li>Tr\u00e1fico (Transferencia de veh\u00edculos, Matriculaciones, Informes, Importaciones, Conductores, Transportistas, Bajas-altas de veh\u00edculos, Duplicado permiso de circulaci\u00f3n y de conducir)<\/li>\n<li>Contratos de Alquiler (viviendas y locales Comerciales)<\/li>\n<li>Declaraciones de Rentas<\/li>\n<li>Gestiones varias<\/li>\n<\/ul>\n<\/div><div class=\"fusion-aligncenter\"><a class=\"fusion-button button-flat fusion-button-default-size button-default fusion-button-default button-1 fusion-button-default-span fusion-button-default-type btn-demana-pressupost\" target=\"_self\" href=\"https:\/\/www.mapcda.es\/es\/contacto\/\"><span class=\"fusion-button-text\">Pida presupuesto<\/span><\/a><\/div><\/div><\/div><div class=\"fusion-clearfix\"><\/div><\/div><\/div><div class=\"fusion-layout-column fusion_builder_column fusion-builder-column-2 fusion_builder_column_1_2 1_2 fusion-one-half fusion-column-last\" style=\"--awb-bg-size:cover;width:50%;width:calc(50% - ( ( 4% ) * 0.5 ) );\"><div class=\"fusion-column-wrapper fusion-column-has-shadow fusion-flex-column-wrapper-legacy\"><div class=\"fusion-image-element fusion-image-align-center in-legacy-container\" style=\"text-align:center;--awb-max-width:80%;--awb-caption-title-font-family:var(--h2_typography-font-family);--awb-caption-title-font-weight:var(--h2_typography-font-weight);--awb-caption-title-font-style:var(--h2_typography-font-style);--awb-caption-title-size:var(--h2_typography-font-size);--awb-caption-title-transform:var(--h2_typography-text-transform);--awb-caption-title-line-height:var(--h2_typography-line-height);--awb-caption-title-letter-spacing:var(--h2_typography-letter-spacing);\"><div class=\"imageframe-align-center\"><span class=\" fusion-imageframe imageframe-none imageframe-1 hover-type-none\"><img decoding=\"async\" width=\"800\" height=\"600\" title=\"increased_sales_\" src=\"https:\/\/www.mapcda.es\/wp-content\/uploads\/2019\/11\/increased_sales_.gif\" alt class=\"img-responsive wp-image-1363\"\/><\/span><\/div><\/div><div class=\"fusion-clearfix\"><\/div><\/div><\/div><\/div><\/div>\n","protected":false},"excerpt":{"rendered":"","protected":false},"author":4,"featured_media":0,"parent":0,"menu_order":0,"comment_status":"closed","ping_status":"closed","template":"100-width.php","meta":{"footnotes":""},"class_list":["post-1882","page","type-page","status-publish","hentry"],"yoast_head":"<!-- This site is optimized with the Yoast SEO plugin v27.3 - https:\/\/yoast.com\/product\/yoast-seo-wordpress\/ -->\n<title>Gestor\u00eda - Mapcda<\/title>\n<meta name=\"robots\" content=\"index, follow, max-snippet:-1, max-image-preview:large, max-video-preview:-1\" \/>\n<link rel=\"canonical\" href=\"https:\/\/www.mapcda.es\/gestoria\/\" \/>\n<meta property=\"og:locale\" content=\"es_ES\" \/>\n<meta property=\"og:type\" content=\"article\" \/>\n<meta property=\"og:title\" content=\"Gestor\u00eda - Mapcda\" \/>\n<meta property=\"og:url\" content=\"https:\/\/www.mapcda.es\/gestoria\/\" \/>\n<meta property=\"og:site_name\" content=\"Mapcda\" \/>\n<meta property=\"article:modified_time\" content=\"2020-04-15T14:42:47+00:00\" \/>\n<meta name=\"twitter:card\" content=\"summary_large_image\" \/>\n<meta name=\"twitter:label1\" content=\"Tiempo de lectura\" \/>\n\t<meta name=\"twitter:data1\" content=\"4 minutos\" \/>\n<script type=\"application\/ld+json\" class=\"yoast-schema-graph\">{\"@context\":\"https:\\\/\\\/schema.org\",\"@graph\":[{\"@type\":\"WebPage\",\"@id\":\"https:\\\/\\\/www.mapcda.es\\\/gestoria\\\/\",\"url\":\"https:\\\/\\\/www.mapcda.es\\\/gestoria\\\/\",\"name\":\"Gestor\u00eda - Mapcda\",\"isPartOf\":{\"@id\":\"https:\\\/\\\/www.mapcda.es\\\/#website\"},\"datePublished\":\"2019-11-06T08:44:34+00:00\",\"dateModified\":\"2020-04-15T14:42:47+00:00\",\"breadcrumb\":{\"@id\":\"https:\\\/\\\/www.mapcda.es\\\/gestoria\\\/#breadcrumb\"},\"inLanguage\":\"es\",\"potentialAction\":[{\"@type\":\"ReadAction\",\"target\":[\"https:\\\/\\\/www.mapcda.es\\\/gestoria\\\/\"]}]},{\"@type\":\"BreadcrumbList\",\"@id\":\"https:\\\/\\\/www.mapcda.es\\\/gestoria\\\/#breadcrumb\",\"itemListElement\":[{\"@type\":\"ListItem\",\"position\":1,\"name\":\"Portada\",\"item\":\"https:\\\/\\\/www.mapcda.es\\\/es\\\/\"},{\"@type\":\"ListItem\",\"position\":2,\"name\":\"Gestor\u00eda\"}]},{\"@type\":\"WebSite\",\"@id\":\"https:\\\/\\\/www.mapcda.es\\\/#website\",\"url\":\"https:\\\/\\\/www.mapcda.es\\\/\",\"name\":\"Mapcda\",\"description\":\"Otro sitio realizado con WordPress\",\"potentialAction\":[{\"@type\":\"SearchAction\",\"target\":{\"@type\":\"EntryPoint\",\"urlTemplate\":\"https:\\\/\\\/www.mapcda.es\\\/?s={search_term_string}\"},\"query-input\":{\"@type\":\"PropertyValueSpecification\",\"valueRequired\":true,\"valueName\":\"search_term_string\"}}],\"inLanguage\":\"es\"}]}<\/script>\n<!-- \/ Yoast SEO plugin. -->","yoast_head_json":{"title":"Gestor\u00eda - Mapcda","robots":{"index":"index","follow":"follow","max-snippet":"max-snippet:-1","max-image-preview":"max-image-preview:large","max-video-preview":"max-video-preview:-1"},"canonical":"https:\/\/www.mapcda.es\/gestoria\/","og_locale":"es_ES","og_type":"article","og_title":"Gestor\u00eda - Mapcda","og_url":"https:\/\/www.mapcda.es\/gestoria\/","og_site_name":"Mapcda","article_modified_time":"2020-04-15T14:42:47+00:00","twitter_card":"summary_large_image","twitter_misc":{"Tiempo de lectura":"4 minutos"},"schema":{"@context":"https:\/\/schema.org","@graph":[{"@type":"WebPage","@id":"https:\/\/www.mapcda.es\/gestoria\/","url":"https:\/\/www.mapcda.es\/gestoria\/","name":"Gestor\u00eda - Mapcda","isPartOf":{"@id":"https:\/\/www.mapcda.es\/#website"},"datePublished":"2019-11-06T08:44:34+00:00","dateModified":"2020-04-15T14:42:47+00:00","breadcrumb":{"@id":"https:\/\/www.mapcda.es\/gestoria\/#breadcrumb"},"inLanguage":"es","potentialAction":[{"@type":"ReadAction","target":["https:\/\/www.mapcda.es\/gestoria\/"]}]},{"@type":"BreadcrumbList","@id":"https:\/\/www.mapcda.es\/gestoria\/#breadcrumb","itemListElement":[{"@type":"ListItem","position":1,"name":"Portada","item":"https:\/\/www.mapcda.es\/es\/"},{"@type":"ListItem","position":2,"name":"Gestor\u00eda"}]},{"@type":"WebSite","@id":"https:\/\/www.mapcda.es\/#website","url":"https:\/\/www.mapcda.es\/","name":"Mapcda","description":"Otro sitio realizado con WordPress","potentialAction":[{"@type":"SearchAction","target":{"@type":"EntryPoint","urlTemplate":"https:\/\/www.mapcda.es\/?s={search_term_string}"},"query-input":{"@type":"PropertyValueSpecification","valueRequired":true,"valueName":"search_term_string"}}],"inLanguage":"es"}]}},"_links":{"self":[{"href":"https:\/\/www.mapcda.es\/es\/wp-json\/wp\/v2\/pages\/1882","targetHints":{"allow":["GET"]}}],"collection":[{"href":"https:\/\/www.mapcda.es\/es\/wp-json\/wp\/v2\/pages"}],"about":[{"href":"https:\/\/www.mapcda.es\/es\/wp-json\/wp\/v2\/types\/page"}],"author":[{"embeddable":true,"href":"https:\/\/www.mapcda.es\/es\/wp-json\/wp\/v2\/users\/4"}],"replies":[{"embeddable":true,"href":"https:\/\/www.mapcda.es\/es\/wp-json\/wp\/v2\/comments?post=1882"}],"version-history":[{"count":3,"href":"https:\/\/www.mapcda.es\/es\/wp-json\/wp\/v2\/pages\/1882\/revisions"}],"predecessor-version":[{"id":1885,"href":"https:\/\/www.mapcda.es\/es\/wp-json\/wp\/v2\/pages\/1882\/revisions\/1885"}],"wp:attachment":[{"href":"https:\/\/www.mapcda.es\/es\/wp-json\/wp\/v2\/media?parent=1882"}],"curies":[{"name":"wp","href":"https:\/\/api.w.org\/{rel}","templated":true}]}}