{"id":1720,"date":"2019-06-17T09:14:23","date_gmt":"2019-06-17T07:14:23","guid":{"rendered":"https:\/\/www.mapcda.es\/empresa\/"},"modified":"2020-04-15T15:29:47","modified_gmt":"2020-04-15T13:29:47","slug":"empresa","status":"publish","type":"page","link":"https:\/\/www.mapcda.es\/es\/empresa\/","title":{"rendered":"Empresa"},"content":{"rendered":"<p><div class=\"fusion-fullwidth fullwidth-box fusion-builder-row-1 hundred-percent-fullwidth non-hundred-percent-height-scrolling fusion-equal-height-columns\" style=\"--awb-border-radius-top-left:0px;--awb-border-radius-top-right:0px;--awb-border-radius-bottom-right:0px;--awb-border-radius-bottom-left:0px;--awb-padding-top:40px;--awb-padding-right:14%;--awb-padding-left:14%;--awb-background-color:#ffffff;--awb-flex-wrap:wrap;\" ><div class=\"fusion-builder-row fusion-row\"><div class=\"fusion-layout-column fusion_builder_column fusion-builder-column-0 fusion_builder_column_1_1 1_1 fusion-one-full fusion-column-first fusion-column-last fusion-column-no-min-height\" style=\"--awb-bg-size:cover;\"><div class=\"fusion-column-wrapper fusion-column-has-shadow fusion-flex-column-wrapper-legacy\"><div class=\"fusion-title title fusion-title-1 fusion-sep-none fusion-title-center fusion-title-text fusion-title-size-one\" style=\"--awb-text-color:#e2312c;\"><h1 class=\"fusion-title-heading title-heading-center\" style=\"margin:0;\"><strong>M\u00e1s de 40 a\u00f1os encontrando soluciones<\/strong><\/h1><\/div><div class=\"fusion-clearfix\"><\/div><\/div><\/div><div class=\"fusion-layout-column fusion_builder_column fusion-builder-column-1 fusion_builder_column_1_1 1_1 fusion-one-full fusion-column-first fusion-column-last fusion-column-no-min-height\" style=\"--awb-padding-right:0px;--awb-bg-size:cover;--awb-margin-bottom:0px;\"><div class=\"fusion-column-wrapper fusion-column-has-shadow fusion-flex-column-wrapper-legacy\"><div class=\"fusion-column-content-centered\"><div class=\"fusion-column-content\"><div class=\"fusion-text fusion-text-1\"><p>Le proporcionamos servicios integrales en la contrataci\u00f3n de Seguros.<\/p>\n<p>Disponemos de un equipo humano de profesionales t\u00e9cnicos y comerciales capacitados para la contrataci\u00f3n y gesti\u00f3n de sus necesidades. Buscamos la soluci\u00f3n id\u00f3nea a estas necesidades.<\/p>\n<p>Las acciones con el cliente vienen dimensionadas por el valor a\u00f1adido que MAP CORREDORA D&#8217;ASSEGURANCES deposita en todas ellas, ofreci\u00e9ndole un servicio personalizado de elevado grado de satisfacci\u00f3n.<\/p>\n<p>En MAP CORREDORA D&#8217;ASSEGURANCES, podr\u00e1 informarse de los planes y productos que le ofrecemos, beneficiarse del apoyo en el asesoramiento, la contrataci\u00f3n y mantenimiento directo de sus productos, as\u00ed como mantener un contacto permanente y personalizado.<\/p>\n<\/div><\/div><\/div><div class=\"fusion-clearfix\"><\/div><\/div><\/div><div class=\"fusion-layout-column fusion_builder_column fusion-builder-column-2 fusion_builder_column_1_1 1_1 fusion-one-full fusion-column-first fusion-column-last fusion-column-no-min-height\" style=\"--awb-bg-size:cover;--awb-margin-bottom:0px;\"><div class=\"fusion-column-wrapper fusion-column-has-shadow fusion-flex-column-wrapper-legacy\"><div class=\"fusion-section-separator section-separator big-half-circle fusion-section-separator-1\" style=\"--awb-spacer-height:99px;--awb-svg-margin-left:0;--awb-svg-margin-right:0;--awb-divider-height:99px;--awb-spacer-padding-top:inherit;--awb-sep-padding:0;--awb-svg-padding:0;\"><div class=\"fusion-section-separator-svg\"><svg class=\"fusion-big-half-circle-candy\" xmlns=\"http:\/\/www.w3.org\/2000\/svg\" version=\"1.1\" width=\"100%\" height=\"100\" viewBox=\"0 0 100 100\" preserveAspectRatio=\"none\" fill=\"rgba(242,242,242,1)\"><path d=\"M0 100 C40 0 60 0 100 100 Z\"><\/path><\/svg><\/div><div class=\"fusion-section-separator-spacer\"><div class=\"fusion-section-separator-spacer-height\"><\/div><\/div><\/div><div class=\"fusion-clearfix\"><\/div><\/div><\/div><\/div><\/div><div class=\"fusion-fullwidth fullwidth-box fusion-builder-row-2 hundred-percent-fullwidth non-hundred-percent-height-scrolling fusion-equal-height-columns\" style=\"--awb-border-radius-top-left:0px;--awb-border-radius-top-right:0px;--awb-border-radius-bottom-right:0px;--awb-border-radius-bottom-left:0px;--awb-padding-right:14%;--awb-padding-left:14%;--awb-background-color:#f2f2f2;--awb-flex-wrap:wrap;\" ><div class=\"fusion-builder-row fusion-row\"><div class=\"fusion-layout-column fusion_builder_column fusion-builder-column-3 fusion_builder_column_1_2 1_2 fusion-one-half fusion-column-first\" style=\"--awb-bg-size:cover;width:50%;width:calc(50% - ( ( 4% ) * 0.5 ) );margin-right: 4%;\"><div class=\"fusion-column-wrapper fusion-column-has-shadow fusion-flex-column-wrapper-legacy\"><div class=\"fusion-column-content-centered\"><div class=\"fusion-column-content\"><div class=\"fusion-image-element fusion-image-align-center in-legacy-container\" style=\"text-align:center;--awb-caption-title-font-family:var(--h2_typography-font-family);--awb-caption-title-font-weight:var(--h2_typography-font-weight);--awb-caption-title-font-style:var(--h2_typography-font-style);--awb-caption-title-size:var(--h2_typography-font-size);--awb-caption-title-transform:var(--h2_typography-text-transform);--awb-caption-title-line-height:var(--h2_typography-line-height);--awb-caption-title-letter-spacing:var(--h2_typography-letter-spacing);\"><div class=\"imageframe-align-center\"><span class=\" fusion-imageframe imageframe-none imageframe-1 hover-type-none foto-empresa\" style=\"border:5px solid #ffffff;\"><img decoding=\"async\" width=\"357\" height=\"238\" title=\"Positive office vibes\" src=\"https:\/\/www.mapcda.es\/wp-content\/uploads\/2019\/06\/Positive-Office-Employees-e1561632925420.jpeg\" alt class=\"img-responsive wp-image-1093\"\/><\/span><\/div><\/div><\/div><\/div><div class=\"fusion-clearfix\"><\/div><\/div><\/div><div class=\"fusion-layout-column fusion_builder_column fusion-builder-column-4 fusion_builder_column_1_2 1_2 fusion-one-half fusion-column-last\" style=\"--awb-bg-size:cover;width:50%;width:calc(50% - ( ( 4% ) * 0.5 ) );\"><div class=\"fusion-column-wrapper fusion-column-has-shadow fusion-flex-column-wrapper-legacy\"><div class=\"fusion-column-content-centered\"><div class=\"fusion-column-content\"><div class=\"fusion-text fusion-text-2\"><h2 style=\"text-align: left; font-size: 34px;\"><strong>Equipo humano<\/strong><\/h2>\n<div class=\"texto_libre\">\n<p>Le asesoraremos en todo momento en las decisiones que mejor se adapten a su perfil empresarial o individual.<\/p>\n<p>La agilidad de respuesta, el rigor, la seriedad y la atenci\u00f3n personalizada son valores a\u00f1adidos que le ofrecemos a sus necesidades.<\/p>\n<p>Conozca nuestro equipo de profesionales con los que tratar\u00e1.<\/p>\n<\/div>\n<\/div><\/div><\/div><div class=\"fusion-clearfix\"><\/div><\/div><\/div><div class=\"fusion-layout-column fusion_builder_column fusion-builder-column-5 fusion_builder_column_1_2 1_2 fusion-one-half fusion-column-first\" style=\"--awb-bg-size:cover;--awb-margin-bottom:0px;width:50%;width:calc(50% - ( ( 4% ) * 0.5 ) );margin-right: 4%;\"><div class=\"fusion-column-wrapper fusion-column-has-shadow fusion-flex-column-wrapper-legacy\"><div class=\"fusion-column-content-centered\"><div class=\"fusion-column-content\"><div class=\"fusion-text fusion-text-3\"><h2 style=\"text-align: left; font-size: 34px;\"><strong>Hist\u00f3ria<\/strong><\/h2>\n<div class=\"texto_libre\">\n<p><strong>MAP Corredora d&#8217;Assegurances<\/strong> fu\u00e9 dundado el 1972 en Hostalric (Girona) por <u>Vicente P\u00e9rez Guerra<\/u>, inicialmente como Ag\u00e8ncia d&#8217;Assegurances. Despu\u00e9s de una larga trayectoria profesional, en el 2003 la empresa experiment\u00f3 un gran cambio bajo la direcci\u00f3n de su hija, Maribel P\u00e9rez Noguerol, pasando de Ag\u00e8ncia d&#8217;assegurances a Corredora d&#8217;Assegurances.<\/p>\n<p>Como reconocimiento a su larga trayectoria profesional y como colegiado, el fundador de <strong>MAP Corredora d&#8217;Assegurances<\/strong> recibi\u00f3 en Octubre de 2012 un premio de manos del Colegio de Mediadores de Girona.<\/p>\n<p>El objetivo actual de <strong>MAP Corredora d&#8217;Assegurances<\/strong> es continuar mejorando sus capacidades profesionales para mantener la confianza depositada de todos nuestros clientes.<\/p>\n<\/div>\n<\/div><\/div><\/div><div class=\"fusion-clearfix\"><\/div><\/div><\/div><div class=\"fusion-layout-column fusion_builder_column fusion-builder-column-6 fusion_builder_column_1_2 1_2 fusion-one-half fusion-column-last\" style=\"--awb-bg-size:cover;--awb-margin-bottom:0px;width:50%;width:calc(50% - ( ( 4% ) * 0.5 ) );\"><div class=\"fusion-column-wrapper fusion-column-has-shadow fusion-flex-column-wrapper-legacy\"><div class=\"fusion-column-content-centered\"><div class=\"fusion-column-content\"><div class=\"fusion-image-element fusion-image-align-center in-legacy-container\" style=\"text-align:center;--awb-caption-title-font-family:var(--h2_typography-font-family);--awb-caption-title-font-weight:var(--h2_typography-font-weight);--awb-caption-title-font-style:var(--h2_typography-font-style);--awb-caption-title-size:var(--h2_typography-font-size);--awb-caption-title-transform:var(--h2_typography-text-transform);--awb-caption-title-line-height:var(--h2_typography-line-height);--awb-caption-title-letter-spacing:var(--h2_typography-letter-spacing);\"><div class=\"imageframe-align-center\"><span class=\" fusion-imageframe imageframe-none imageframe-2 hover-type-none foto-empresa\" style=\"border:5px solid #ffffff;\"><img decoding=\"async\" width=\"357\" height=\"238\" title=\"vicente_perez_guerra_2\" src=\"https:\/\/www.mapcda.es\/wp-content\/uploads\/2019\/06\/vicente_perez_guerra_2.jpg\" alt class=\"img-responsive wp-image-1091\" srcset=\"https:\/\/www.mapcda.es\/wp-content\/uploads\/2019\/06\/vicente_perez_guerra_2-200x133.jpg 200w, https:\/\/www.mapcda.es\/wp-content\/uploads\/2019\/06\/vicente_perez_guerra_2.jpg 357w\" sizes=\"(max-width: 800px) 100vw, 357px\" \/><\/span><\/div><\/div><\/div><\/div><div class=\"fusion-clearfix\"><\/div><\/div><\/div><\/div><\/div><div class=\"fusion-fullwidth fullwidth-box fusion-builder-row-3 fusion-parallax-fixed hundred-percent-fullwidth non-hundred-percent-height-scrolling\" style=\"--awb-border-radius-top-left:0px;--awb-border-radius-top-right:0px;--awb-border-radius-bottom-right:0px;--awb-border-radius-bottom-left:0px;--awb-padding-top:0px;--awb-padding-bottom:0px;--awb-background-image:url(&quot;https:\/\/www.mapcda.es\/wp-content\/uploads\/2019\/06\/banner-blog.jpg&quot;);--awb-background-size:cover;--awb-flex-wrap:wrap;background-attachment:fixed;\" ><div class=\"fusion-builder-row fusion-row\"><div class=\"fusion-layout-column fusion_builder_column fusion-builder-column-7 fusion_builder_column_1_1 1_1 fusion-one-full fusion-column-first fusion-column-last\" style=\"--awb-bg-size:cover;--awb-margin-bottom:30px;\"><div class=\"fusion-column-wrapper fusion-column-has-shadow fusion-flex-column-wrapper-legacy\"><div class=\"fusion-section-separator section-separator curved fusion-section-separator-2\" style=\"--awb-spacer-height:99px;--awb-svg-margin-left:0;--awb-svg-margin-right:0;--awb-divider-height:99px;--awb-spacer-padding-top:inherit;--awb-sep-padding:0;--awb-svg-padding:0;\"><div class=\"fusion-section-separator-svg\"><svg class=\"fusion-curved-candy\" xmlns=\"http:\/\/www.w3.org\/2000\/svg\" version=\"1.1\" width=\"100%\" height=\"100\" viewBox=\"0 0 100 100\" preserveAspectRatio=\"none\" fill=\"rgba(242,242,242,1)\"><path d=\"M0 0 C 20 100 50 100 100 0 Z\"><\/path><\/svg><\/div><div class=\"fusion-section-separator-spacer\"><div class=\"fusion-section-separator-spacer-height\"><\/div><\/div><\/div><div class=\"fusion-clearfix\"><\/div><\/div><\/div><div class=\"fusion-layout-column fusion_builder_column fusion-builder-column-8 fusion_builder_column_1_2 1_2 fusion-one-half fusion-column-first\" style=\"--awb-bg-size:cover;width:50%;width:calc(50% - ( ( 4% ) * 0.5 ) );margin-right: 4%;\"><div class=\"fusion-column-wrapper fusion-column-has-shadow fusion-flex-column-wrapper-legacy\"><div class=\"fusion-clearfix\"><\/div><\/div><\/div><div class=\"fusion-layout-column fusion_builder_column fusion-builder-column-9 fusion_builder_column_1_2 1_2 fusion-one-half fusion-column-last fusion-no-small-visibility\" style=\"--awb-padding-right:120px;--awb-padding-left:62px;--awb-bg-size:cover;width:50%;width:calc(50% - ( ( 4% ) * 0.5 ) );\"><div class=\"fusion-column-wrapper fusion-column-has-shadow fusion-flex-column-wrapper-legacy\"><div class=\"fusion-text fusion-text-4\"><p>MAP CORREDORA D&#8217;ASSEGURANCES (inscripci\u00f3n F122GC al Registro especial de la Direcci\u00f3n General de Pol\u00edtica Financiera y Seguros), proporciona servicios integrales en la contrataci\u00f3n de Seguros a nuestros clientes, incluye empresas de primera l\u00ednea con presencia nacional en los m\u00e1s diversos sectores de actividad.<\/p>\n<p>Dispone de una importante estructura t\u00e9cnica y comercial con una gran capacidad log\u00edstica, con un equipo humano de profesionales capacitados para la contrataci\u00f3n y gesti\u00f3n de las coberturas m\u00e1s especializadas, dando as\u00ed soluci\u00f3n a todas y cada una de las necesidades empresariales, cualquiera que sea su nivel de negocio.<\/p>\n<p>MAP CORREDORA D&#8217;ASSEGURANCES ofrece sus servicios integrales aplicando una metodolog\u00eda muy precisa: primero designa al ejecutivo responsable de la cuenta, realizando una inspecci\u00f3n t\u00e9cnica de los activos y riesgos, una valoraci\u00f3n de la cobertura vigente para determinar las diferentes opciones y su coste, as\u00ed como las pol\u00edticas de actuaci\u00f3n m\u00e1s adecuadas en cada caso (medidas de prevenci\u00f3n, seguridad y, peritaje).<\/p>\n<p>Determinada la opci\u00f3n m\u00e1s interesante para el cliente, negocia los contratos en las mejores condiciones de mercado con compa\u00f1\u00edas de probada solvencia, facilitando incluso un plan individualizado de asesoramiento en la implantaci\u00f3n de las normas administrativas y de procedimiento interno para la gesti\u00f3n de los contratos y reclamaciones en caso de siniestro.<\/p>\n<p>MAP CORREDORA D&#8217;ASSEGURANCES trabaja con una clara vocaci\u00f3n de acercamiento a sus clientes por medio de un servicio personalizado que hace mucho m\u00e1s eficaz el departamento de gesti\u00f3n y control de riesgos.<\/p>\n<\/div><div class=\"fusion-clearfix\"><\/div><\/div><\/div><div class=\"fusion-layout-column fusion_builder_column fusion-builder-column-10 fusion_builder_column_1_2 1_2 fusion-one-half fusion-column-first fusion-no-medium-visibility fusion-no-large-visibility\" style=\"--awb-bg-size:cover;width:48%; margin-right: 4%;\"><div class=\"fusion-column-wrapper fusion-column-has-shadow fusion-flex-column-wrapper-legacy\"><div class=\"fusion-text fusion-text-5\"><p>MAP CORREDORA D&#8217;ASSEGURANCES (inscripci\u00f3n F122GC al Registro especial de la Direcci\u00f3n General de Pol\u00edtica Financiera y Seguros), proporciona servicios integrales en la contrataci\u00f3n de Seguros a nuestros clientes, incluye empresas de primera l\u00ednea con presencia nacional en los m\u00e1s diversos sectores de actividad.<\/p>\n<p>Dispone de una importante estructura t\u00e9cnica y comercial con una gran capacidad log\u00edstica, con un equipo humano de profesionales capacitados para la contrataci\u00f3n y gesti\u00f3n de las coberturas m\u00e1s especializadas, dando as\u00ed soluci\u00f3n a todas y cada una de las necesidades empresariales, cualquiera que sea su nivel de negocio.<\/p>\n<p>MAP CORREDORA D&#8217;ASSEGURANCES ofrece sus servicios integrales aplicando una metodolog\u00eda muy precisa: primero designa al ejecutivo responsable de la cuenta, realizando una inspecci\u00f3n t\u00e9cnica de los activos y riesgos, una valoraci\u00f3n de la cobertura vigente para determinar las diferentes opciones y su coste, as\u00ed como las pol\u00edticas de actuaci\u00f3n m\u00e1s adecuadas en cada caso (medidas de prevenci\u00f3n, seguridad y, peritaje).<\/p>\n<p>Determinada la opci\u00f3n m\u00e1s interesante para el cliente, negocia los contratos en las mejores condiciones de mercado con compa\u00f1\u00edas de probada solvencia, facilitando incluso un plan individualizado de asesoramiento en la implantaci\u00f3n de las normas administrativas y de procedimiento interno para la gesti\u00f3n de los contratos y reclamaciones en caso de siniestro.<\/p>\n<p>MAP CORREDORA D&#8217;ASSEGURANCES trabaja con una clara vocaci\u00f3n de acercamiento a sus clientes por medio de un servicio personalizado que hace mucho m\u00e1s eficaz el departamento de gesti\u00f3n y control de riesgos.<\/p>\n<\/div><div class=\"fusion-clearfix\"><\/div><\/div><\/div><div class=\"fusion-layout-column fusion_builder_column fusion-builder-column-11 fusion_builder_column_1_1 1_1 fusion-one-full fusion-column-last\" style=\"--awb-bg-size:cover;--awb-margin-bottom:0px;\"><div class=\"fusion-column-wrapper fusion-column-has-shadow fusion-flex-column-wrapper-legacy\"><div class=\"fusion-section-separator section-separator big-half-circle fusion-section-separator-3\" style=\"--awb-spacer-height:99px;--awb-svg-margin-left:0;--awb-svg-margin-right:0;--awb-divider-height:99px;--awb-spacer-padding-top:inherit;--awb-sep-padding:0;--awb-svg-padding:0;\"><div class=\"fusion-section-separator-svg\"><svg class=\"fusion-big-half-circle-candy\" xmlns=\"http:\/\/www.w3.org\/2000\/svg\" version=\"1.1\" width=\"100%\" height=\"100\" viewBox=\"0 0 100 100\" preserveAspectRatio=\"none\" fill=\"rgba(240,151,149,1)\"><path d=\"M0 100 C40 0 60 0 100 100 Z\"><\/path><\/svg><\/div><div class=\"fusion-section-separator-spacer\"><div class=\"fusion-section-separator-spacer-height\"><\/div><\/div><\/div><div class=\"fusion-clearfix\"><\/div><\/div><\/div><\/div><\/div><div class=\"fusion-fullwidth fullwidth-box fusion-builder-row-4 nonhundred-percent-fullwidth non-hundred-percent-height-scrolling fusion-equal-height-columns\" style=\"--awb-border-radius-top-left:0px;--awb-border-radius-top-right:0px;--awb-border-radius-bottom-right:0px;--awb-border-radius-bottom-left:0px;--awb-background-color:#f09795;--awb-flex-wrap:wrap;\" ><div class=\"fusion-builder-row fusion-row\"><div class=\"fusion-layout-column fusion_builder_column fusion-builder-column-12 fusion_builder_column_1_2 1_2 fusion-one-half fusion-column-first\" style=\"--awb-bg-size:cover;width:50%;width:calc(50% - ( ( 4% ) * 0.5 ) );margin-right: 4%;\"><div class=\"fusion-column-wrapper fusion-column-has-shadow fusion-flex-column-wrapper-legacy\"><div class=\"fusion-column-content-centered\"><div class=\"fusion-column-content\"><div class=\"fusion-text fusion-text-6\"><div style=\"color: #fff;\">\n<p>&nbsp;<\/p>\n<h2 style=\"text-align: left; font-size: 34px; color: #fff;\"><strong>Valor a\u00f1adido<\/strong><\/h2>\n<div class=\"texto_libre\">\n<h2 style=\"color: #fff;\">\u00bfSabe porqu\u00e9 conf\u00edan en nosotros?<\/h2>\n<ul>\n<li>Porque somos profesionales del Seguro. Los Corredores de Seguros titulados tenemos la formaci\u00f3n espec\u00edfica que nos permite dar respuesta a todas las necesidades de nuestros clientes y asesorarles con rigor y seriedad.<\/li>\n<li>Porque somos accesibles. Para contratar un seguro o hacer una consulta, nuestros clientes no tienen que pedir hora. Nos visitan o llaman por tel\u00e9fono y los atendemos al momento.<\/li>\n<li>Porque garantizamos un trato personal. Conocemos los nombres y apellidos de nuestros clientes y ellos nos conocen a nosotros.<\/li>\n<li>Porque damos respuesta a sus necesidades. Los mediadores estudiamos las necesidades particulares de cada cliente para ofrecerle la soluci\u00f3n con las coberturas m\u00e1s adecuadas a cada caso.<\/li>\n<li>Porque defendemos los intereses de nuestros clientes. Tramitamos siniestros desde su declaraci\u00f3n hasta el cobro de la indemnizaci\u00f3n y actualizamos peri\u00f3dicamente los contratos y coberturas.<\/li>\n<\/ul>\n<p>Contratar sus p\u00f3lizas mediante un Corredor de Seguros no cuesta m\u00e1s y disfrutar\u00e1 de grandes ventajas:<\/p>\n<ul>\n<li>Mayor Cualificaci\u00f3n Profesional.<\/li>\n<li>Estudio objetivo adaptado a cada necesidad.<\/li>\n<li>Reconocimiento de Honorabilidad y Experiencia.<\/li>\n<li>Servicio Integral y Personalizado.<\/li>\n<li>Ahorro Garantizado.<\/li>\n<li>Defensa de los Intereses.<\/li>\n<\/ul>\n<\/div>\n<\/div>\n<\/div><\/div><\/div><div class=\"fusion-clearfix\"><\/div><\/div><\/div><div class=\"fusion-layout-column fusion_builder_column fusion-builder-column-13 fusion_builder_column_1_2 1_2 fusion-one-half fusion-column-last\" style=\"--awb-bg-size:cover;width:50%;width:calc(50% - ( ( 4% ) * 0.5 ) );\"><div class=\"fusion-column-wrapper fusion-column-has-shadow fusion-flex-column-wrapper-legacy\"><div class=\"fusion-column-content-centered\"><div class=\"fusion-column-content\"><div class=\"fusion-image-element in-legacy-container\" style=\"--awb-caption-title-font-family:var(--h2_typography-font-family);--awb-caption-title-font-weight:var(--h2_typography-font-weight);--awb-caption-title-font-style:var(--h2_typography-font-style);--awb-caption-title-size:var(--h2_typography-font-size);--awb-caption-title-transform:var(--h2_typography-text-transform);--awb-caption-title-line-height:var(--h2_typography-line-height);--awb-caption-title-letter-spacing:var(--h2_typography-letter-spacing);\"><span class=\" fusion-imageframe imageframe-none imageframe-3 hover-type-none\" style=\"border-radius:10px;\"><img decoding=\"async\" width=\"3989\" height=\"2271\" title=\"Manager talking with an employee\" src=\"https:\/\/www.mapcda.es\/wp-content\/uploads\/2019\/07\/AdobeStock_196408765.jpeg\" alt class=\"img-responsive wp-image-1244\" srcset=\"https:\/\/www.mapcda.es\/wp-content\/uploads\/2019\/07\/AdobeStock_196408765-200x114.jpeg 200w, https:\/\/www.mapcda.es\/wp-content\/uploads\/2019\/07\/AdobeStock_196408765-400x228.jpeg 400w, https:\/\/www.mapcda.es\/wp-content\/uploads\/2019\/07\/AdobeStock_196408765-600x342.jpeg 600w, https:\/\/www.mapcda.es\/wp-content\/uploads\/2019\/07\/AdobeStock_196408765-800x455.jpeg 800w, https:\/\/www.mapcda.es\/wp-content\/uploads\/2019\/07\/AdobeStock_196408765-1200x683.jpeg 1200w, https:\/\/www.mapcda.es\/wp-content\/uploads\/2019\/07\/AdobeStock_196408765.jpeg 3989w\" sizes=\"(max-width: 800px) 100vw, 600px\" \/><\/span><\/div><\/div><\/div><div class=\"fusion-clearfix\"><\/div><\/div><\/div><\/div><\/div><\/p>\n","protected":false},"excerpt":{"rendered":"","protected":false},"author":4,"featured_media":0,"parent":0,"menu_order":0,"comment_status":"closed","ping_status":"closed","template":"100-width.php","meta":{"footnotes":""},"class_list":["post-1720","page","type-page","status-publish","hentry"],"yoast_head":"<!-- This site is optimized with the Yoast SEO plugin v27.3 - https:\/\/yoast.com\/product\/yoast-seo-wordpress\/ -->\n<title>Empresa - Mapcda<\/title>\n<meta name=\"robots\" content=\"index, follow, max-snippet:-1, max-image-preview:large, max-video-preview:-1\" \/>\n<link rel=\"canonical\" href=\"https:\/\/www.mapcda.es\/empresa\/\" \/>\n<meta property=\"og:locale\" content=\"es_ES\" \/>\n<meta property=\"og:type\" content=\"article\" \/>\n<meta property=\"og:title\" content=\"Empresa - Mapcda\" \/>\n<meta property=\"og:url\" content=\"https:\/\/www.mapcda.es\/empresa\/\" \/>\n<meta property=\"og:site_name\" content=\"Mapcda\" \/>\n<meta property=\"article:modified_time\" content=\"2020-04-15T13:29:47+00:00\" \/>\n<meta name=\"twitter:card\" content=\"summary_large_image\" \/>\n<meta name=\"twitter:label1\" content=\"Tiempo de lectura\" \/>\n\t<meta name=\"twitter:data1\" content=\"17 minutos\" \/>\n<script type=\"application\/ld+json\" class=\"yoast-schema-graph\">{\"@context\":\"https:\\\/\\\/schema.org\",\"@graph\":[{\"@type\":\"WebPage\",\"@id\":\"https:\\\/\\\/www.mapcda.es\\\/empresa\\\/\",\"url\":\"https:\\\/\\\/www.mapcda.es\\\/empresa\\\/\",\"name\":\"Empresa - Mapcda\",\"isPartOf\":{\"@id\":\"https:\\\/\\\/www.mapcda.es\\\/#website\"},\"datePublished\":\"2019-06-17T07:14:23+00:00\",\"dateModified\":\"2020-04-15T13:29:47+00:00\",\"breadcrumb\":{\"@id\":\"https:\\\/\\\/www.mapcda.es\\\/empresa\\\/#breadcrumb\"},\"inLanguage\":\"es\",\"potentialAction\":[{\"@type\":\"ReadAction\",\"target\":[\"https:\\\/\\\/www.mapcda.es\\\/empresa\\\/\"]}]},{\"@type\":\"BreadcrumbList\",\"@id\":\"https:\\\/\\\/www.mapcda.es\\\/empresa\\\/#breadcrumb\",\"itemListElement\":[{\"@type\":\"ListItem\",\"position\":1,\"name\":\"Portada\",\"item\":\"https:\\\/\\\/www.mapcda.es\\\/es\\\/\"},{\"@type\":\"ListItem\",\"position\":2,\"name\":\"Empresa\"}]},{\"@type\":\"WebSite\",\"@id\":\"https:\\\/\\\/www.mapcda.es\\\/#website\",\"url\":\"https:\\\/\\\/www.mapcda.es\\\/\",\"name\":\"Mapcda\",\"description\":\"Otro sitio realizado con WordPress\",\"potentialAction\":[{\"@type\":\"SearchAction\",\"target\":{\"@type\":\"EntryPoint\",\"urlTemplate\":\"https:\\\/\\\/www.mapcda.es\\\/?s={search_term_string}\"},\"query-input\":{\"@type\":\"PropertyValueSpecification\",\"valueRequired\":true,\"valueName\":\"search_term_string\"}}],\"inLanguage\":\"es\"}]}<\/script>\n<!-- \/ Yoast SEO plugin. -->","yoast_head_json":{"title":"Empresa - Mapcda","robots":{"index":"index","follow":"follow","max-snippet":"max-snippet:-1","max-image-preview":"max-image-preview:large","max-video-preview":"max-video-preview:-1"},"canonical":"https:\/\/www.mapcda.es\/empresa\/","og_locale":"es_ES","og_type":"article","og_title":"Empresa - Mapcda","og_url":"https:\/\/www.mapcda.es\/empresa\/","og_site_name":"Mapcda","article_modified_time":"2020-04-15T13:29:47+00:00","twitter_card":"summary_large_image","twitter_misc":{"Tiempo de lectura":"17 minutos"},"schema":{"@context":"https:\/\/schema.org","@graph":[{"@type":"WebPage","@id":"https:\/\/www.mapcda.es\/empresa\/","url":"https:\/\/www.mapcda.es\/empresa\/","name":"Empresa - Mapcda","isPartOf":{"@id":"https:\/\/www.mapcda.es\/#website"},"datePublished":"2019-06-17T07:14:23+00:00","dateModified":"2020-04-15T13:29:47+00:00","breadcrumb":{"@id":"https:\/\/www.mapcda.es\/empresa\/#breadcrumb"},"inLanguage":"es","potentialAction":[{"@type":"ReadAction","target":["https:\/\/www.mapcda.es\/empresa\/"]}]},{"@type":"BreadcrumbList","@id":"https:\/\/www.mapcda.es\/empresa\/#breadcrumb","itemListElement":[{"@type":"ListItem","position":1,"name":"Portada","item":"https:\/\/www.mapcda.es\/es\/"},{"@type":"ListItem","position":2,"name":"Empresa"}]},{"@type":"WebSite","@id":"https:\/\/www.mapcda.es\/#website","url":"https:\/\/www.mapcda.es\/","name":"Mapcda","description":"Otro sitio realizado con WordPress","potentialAction":[{"@type":"SearchAction","target":{"@type":"EntryPoint","urlTemplate":"https:\/\/www.mapcda.es\/?s={search_term_string}"},"query-input":{"@type":"PropertyValueSpecification","valueRequired":true,"valueName":"search_term_string"}}],"inLanguage":"es"}]}},"_links":{"self":[{"href":"https:\/\/www.mapcda.es\/es\/wp-json\/wp\/v2\/pages\/1720","targetHints":{"allow":["GET"]}}],"collection":[{"href":"https:\/\/www.mapcda.es\/es\/wp-json\/wp\/v2\/pages"}],"about":[{"href":"https:\/\/www.mapcda.es\/es\/wp-json\/wp\/v2\/types\/page"}],"author":[{"embeddable":true,"href":"https:\/\/www.mapcda.es\/es\/wp-json\/wp\/v2\/users\/4"}],"replies":[{"embeddable":true,"href":"https:\/\/www.mapcda.es\/es\/wp-json\/wp\/v2\/comments?post=1720"}],"version-history":[{"count":6,"href":"https:\/\/www.mapcda.es\/es\/wp-json\/wp\/v2\/pages\/1720\/revisions"}],"predecessor-version":[{"id":1863,"href":"https:\/\/www.mapcda.es\/es\/wp-json\/wp\/v2\/pages\/1720\/revisions\/1863"}],"wp:attachment":[{"href":"https:\/\/www.mapcda.es\/es\/wp-json\/wp\/v2\/media?parent=1720"}],"curies":[{"name":"wp","href":"https:\/\/api.w.org\/{rel}","templated":true}]}}